{"id":1712,"date":"2021-09-13T23:48:25","date_gmt":"2021-09-13T23:48:25","guid":{"rendered":"https:\/\/fcctarragona.com\/?page_id=1712"},"modified":"2025-08-11T10:50:49","modified_gmt":"2025-08-11T09:50:49","slug":"legislacio","status":"publish","type":"page","link":"https:\/\/fcctarragona.com\/index.php\/legislacio\/","title":{"rendered":"LEGISLACI\u00d3"},"content":{"rendered":"\n<p><\/p>\n\n\n<h2>LEGISLACI\u00d3<\/h2>\n<p>En aquest apartat es mostraran els documents o normatives m\u00e9s recents:\u00a0<\/p>\n<p>PER\u00cdODES H\u00c0BILS DE CA\u00c7A I CAPTURES 2025\/2026 &#8230;&#8230;&#8230;&#8230;&#8230;&#8230;&#8230;&#8230;..<a href=\"http:\/\/fcctarragona.com\/wp-content\/uploads\/2025\/08\/Resolucio-de-vedes-2025-26.pdf\">ORDRE DE VEDES 2025-2026<\/a><\/p>\n<p>PER\u00cdODES H\u00c0BILS DE CA\u00c7A I CAPTURES 2024\/2025 &#8230;&#8230;&#8230;&#8230;&#8230;&#8230;&#8230;&#8230;&#8230;<a href=\"http:\/\/fcctarragona.com\/wp-content\/uploads\/2024\/04\/Ordre_Vedes-2024-2025.pdf\">ORDRE DE VEDES 2024\/2025<\/a><\/p>\n<p><span style=\"font-size: 1rem;\">PER\u00cdODES H\u00c0BILS DE CA\u00c7A I CAPTURES 2023\/2024 &#8230;&#8230;&#8230;&#8230;&#8230;&#8230;&#8230;&#8230;&#8230;<\/span><a style=\"font-size: 1rem;\" href=\"http:\/\/fcctarragona.com\/wp-content\/uploads\/2023\/04\/RESUM_ORDRE_VEDES2023-2024-2.pdf\">RESUM_ORDRE_VEDES 2023-2024<\/a><span style=\"font-size: 1rem;\">\u00a0<\/span><\/p>\n<p>\u00a0 \u00a0 \u00a0 \u00a0 \u00a0 \u00a0 \u00a0 \u00a0 \u00a0 \u00a0 \u00a0 \u00a0 \u00a0 \u00a0 \u00a0 \u00a0 \u00a0 \u00a0 \u00a0 \u00a0 \u00a0 \u00a0 \u00a0 \u00a0 \u00a0 \u00a0 \u00a0 \u00a0 \u00a0 \u00a0 \u00a0 \u00a0 \u00a0 \u00a0 \u00a0 \u00a0 \u00a0 \u00a0 \u00a0 \u00a0 \u00a0 \u00a0 \u00a0 \u00a0 \u00a0 \u00a0 \u00a0 \u00a0 \u00a0 \u00a0 \u00a0 \u00a0 \u00a0 \u00a0 \u00a0 \u00a0 \u00a0 \u00a0 \u00a0 \u00a0\u00a0<a style=\"background-color: #ffffff; font-size: 1rem;\" href=\"http:\/\/fcctarragona.com\/wp-content\/uploads\/2023\/04\/Ordre-de-Vedes-2023-24.pdf\" target=\"_blank\" rel=\"noopener\">ORDRE DE VEDES 2023\/2024<\/a><\/p>\n<p>PER\u00cdODES H\u00c0BILS DE CA\u00c7A I CAPTURES 2022\/2023 &#8230;&#8230;&#8230;&#8230;&#8230;&#8230;&#8230;&#8230;&#8230;<a href=\"http:\/\/fcctarragona.com\/wp-content\/uploads\/2022\/04\/CACA-MENOR-TEMP-2022-2023.pdf\">CA\u00c7A MENOR 2022\/2023<\/a><\/p>\n<p>\u00bb\u00a0 \u00a0 \u00a0 \u00a0 \u00a0 \u00a0 \u00a0 \u00a0 \u00a0 \u00a0 \u00a0 \u00a0 \u00a0 \u00a0 \u00a0 \u00a0 \u00a0 \u00a0 \u00a0 \u00a0 \u00a0 \u00a0 \u00a0 \u00a0 \u00a0 \u00a0 \u00a0 \u00a0 \u00a0 \u00a0 \u00a0 \u00a0 \u00a0 \u00a0 \u00a0 \u00a0 \u00a0 \u00a0 \u00a0 \u00a0 \u00a0 \u00a0 \u00a0 \u00a0 \u00a0\u00bb\u00a0 \u00a0 \u00a0 &#8230;&#8230;&#8230;&#8230;&#8230;&#8230;&#8230;&#8230;&#8230;\u00a0<a href=\"http:\/\/fcctarragona.com\/wp-content\/uploads\/2022\/04\/CACA-MAJOR-TEMP-2022-2023.pdf\" target=\"_blank\" rel=\"noopener\">CA\u00c7A MAJOR 2022\/202<\/a><a style=\"font-size: 1rem; background-color: #ffffff; outline: 0px;\" href=\"http:\/\/fcctarragona.com\/wp-content\/uploads\/2022\/04\/CACA-MAJOR-TEMP-2022-2023.pdf\">3<\/a><\/p>\n<p>\u00bb\u00a0 \u00a0 \u00a0 \u00a0 \u00a0 \u00a0 \u00a0 \u00a0 \u00a0 \u00a0 \u00a0 \u00a0 \u00a0 \u00a0 \u00a0 \u00a0 \u00a0 \u00a0 \u00a0 \u00a0 \u00a0 \u00a0 \u00a0 \u00a0 \u00a0 \u00a0 \u00a0 \u00a0 \u00a0 \u00a0 \u00a0 \u00a0 \u00a0 \u00a0 \u00a0 \u00a0 \u00a0 \u00a0 \u00a0 \u00a0 \u00a0 \u00a0 \u00a0 \u00a0 \u00a0\u00bb\u00a0 \u00a0 \u00a0 &#8230;&#8230;&#8230;&#8230;&#8230;&#8230;&#8230;&#8230;..\u00a0<a style=\"font-size: 1rem; background-color: #ffffff; outline: 0px;\" href=\"http:\/\/fcctarragona.com\/wp-content\/uploads\/2022\/04\/MITJA-VEDA-TEMP-2022-2023.pdf\">CA\u00c7A MITJA VEDA 2022<\/a><\/p>\n<p>PER\u00cdODES H\u00c0BILS DE CA\u00c7A I CAPTURES 2021\/2022 &#8230;&#8230;&#8230;&#8230;&#8230;&#8230;&#8230;&#8230;&#8230;.\u00a0<a href=\"http:\/\/www.fcctarragona.cat\/images\/FULLET_INFORMATIU_TEMP-2021-2022.pdf\" target=\"_blank\" rel=\"noopener\">FULLET INFORMATIU<\/a><\/p>\n<p>ORDRE DE VEDES TEMPORADA 2021\/2022 &#8230;&#8230;&#8230;&#8230;&#8230;&#8230;&#8230;&#8230;&#8230;&#8230;&#8230;&#8230;&#8230;.\u00a0 \u00a0\u00a0<a href=\"http:\/\/www.fcctarragona.cat\/images\/federacio\/legislacio\/ORDRE-DE-VEDES.pdf\" target=\"_blank\" rel=\"noopener\">RESOLUCI\u00d3 ORDRE DE VEDES<\/a>\u00a0\u00a0<\/p>\n<p>ORDRE DE VEDES TEMPORADA 2020\/2021 &#8230;&#8230;&#8230;&#8230;&#8230;&#8230;&#8230;&#8230;&#8230;&#8230;&#8230;&#8230;&#8230;.\u00a0 \u00a0 \u00a0<a href=\"http:\/\/www.fcctarragona.cat\/images\/Resolucio_ordre_vedes.pdf\" target=\"_blank\" rel=\"noopener\">RESOLUCI\u00d3 ORDRE DE VEDES<\/a><\/p>\n<p>RESUM ORDRE DE VEDES TEMPORADA &#8230;&#8230;&#8230;&#8230;&#8230;&#8230;&#8230;&#8230;&#8230;&#8230;&#8230;&#8230;&#8230;&#8230;&#8230;&#8230;. <a href=\"http:\/\/www.fcctarragona.cat\/images\/Resum_Ordre_Vedes_2020-2021.pdf\" target=\"_blank\" rel=\"noopener\">PDF<\/a><\/p>\n<p>ORDRE DE VEDES TEMPORADA 2019\/2020\u00a0 &#8230;&#8230;&#8230;&#8230;&#8230;&#8230;&#8230;&#8230;&#8230;&#8230;&#8230;&#8230;&#8230;.\u00a0 \u00a0\u00a0<a href=\"http:\/\/www.fcctarragona.cat\/images\/federacio\/legislacio\/OrdreVedes_Cinegeticat_2019_2020.pdf\" target=\"_blank\" rel=\"noopener\">PDF<\/a>Resum dels per\u00edodes h\u00e0bils de l&#8217;Ordre de Vedes de la temporada 2021\/2022<a href=\"http:\/\/www.fcctarragona.cat\/images\/federacio\/legislacio\/Resum-Ordre-Vedes-2021-2022.pdf\" target=\"_blank\" rel=\"noopener\">RESUM CA\u00c7A MAJOR\/ MENOR\/ MITJA VEDA<\/a><\/p>\n<p>Adjuntem quadre resum dels per\u00edodes h\u00e0bils de l&#8217;Ordre de Vedes de la temporada 2018\/2019<\/p>\n<p>RESUM CA\u00c7A MAJOR<\/p>\n<p>TEMPORADA 2018\/2019<\/p>\n<p><a href=\"http:\/\/www.fcctarragona.cat\/images\/federacio\/legislacio\/caza_mayor.jpg\" target=\"_blank\" rel=\"noopener\">DESCARREGAR PDF<\/a><\/p>\n<p>RESUM CA\u00c7A MENOR<\/p>\n<p>TEMPORADA 2018\/2019<\/p>\n<p><a href=\"http:\/\/www.fcctarragona.cat\/images\/federacio\/legislacio\/caza_menor.jpg\" target=\"_blank\" rel=\"noopener\">DESCARREGAR PDF<\/a><\/p>\n<p>RESUM MITJA VEDA<\/p>\n<p>TEMPORADA 2018\/2019<\/p>\n<p><a href=\"http:\/\/www.fcctarragona.cat\/images\/federacio\/legislacio\/media_veda.jpg\" target=\"_blank\" rel=\"noopener\">DESCARREGAR PDF<\/a><\/p>\n<p>ORDRE DE VEDES TEMPORADA 2018\/2019<\/p>\n<p>09\/04\/2018<\/p>\n<p><a href=\"http:\/\/www.fcctarragona.cat\/images\/federacio\/legislacio\/Resoluci%C3%B3_vedes_2018-2019.pdf\" target=\"_blank\" rel=\"noopener\">DESCARREGAR PDF<\/a><\/p>\n<p>INFORMACI\u00d3 SOBRE LA PROBLEM\u00c0TICA EN ELS CAMINS DENOMINATS \u00abD&#8217;\u00daS P\u00daBLIC\u00bb<\/p>\n<p><a href=\"http:\/\/fcctarragona.com\/wp-content\/uploads\/2021\/09\/CAMINS_US_PUBLIC.doc\" target=\"_blank\" rel=\"noopener\">M\u00c9S INFORMACI\u00d3<\/a><\/p>\n<p>Adjuntem quadre resum dels per\u00edodes h\u00e0bils de l&#8217;Ordre de Vedes de la temporada de ca\u00e7a 2017\/2018.<\/p>\n<p>RESUM CA\u00c7A MAJOR<\/p>\n<p>TEMPORADA 2017\/2018<\/p>\n<p><a href=\"http:\/\/www.fcctarragona.cat\/images\/Temp_2017-18-C_Major.pdf\" target=\"_blank\" rel=\"noopener\">DESCARREGAR PDF<\/a><\/p>\n<p>RESUM CA\u00c7A MENOR<\/p>\n<p>TEMPORADA 2017\/2018<\/p>\n<p><a href=\"http:\/\/www.fcctarragona.cat\/images\/Temp_2017-18-C_Menor.pdf\" target=\"_blank\" rel=\"noopener\">DESCARREGAR PDF<\/a><\/p>\n<p>RESUM CA\u00c7A MENOR<\/p>\n<p>TEMPORADA 2017\/2018<\/p>\n<p><a href=\"http:\/\/www.fcctarragona.cat\/images\/Temp_2017-18-Mitja_veda.pdf\" target=\"_blank\" rel=\"noopener\">DESCARREGAR PDF<\/a><\/p>\n<p>ORDRE DE VEDES TEMPORADA 2017 &#8211; 2018<\/p>\n<p style=\"text-align: center;\">13\/03\/2017<\/p>\n<p><a href=\"http:\/\/www.fcctarragona.cat\/images\/ResolucioVedes2017.pdf\" target=\"_blank\" rel=\"noopener\">DESCARREGAR PDF<\/a><\/p>\n<p>MODIFICACI\u00d3 DE LA RESOLUCI\u00d3 DE L&#8217;ORDRE DE LES VEDES<\/p>\n<p style=\"text-align: center;\">13\/12\/2016<\/p>\n<p><a href=\"https:\/\/www.federcat.com\/noticia.php?idn=1672&amp;ida=2&amp;modificacio_de_la_resolucio_de_l%25C2%25B4ordre_de_vedes\" target=\"_blank\" rel=\"noopener\">NOT\u00cdCIA<\/a><\/p>\n<p>MODIFICACI\u00d3: ORDRE DE VEDES TEMPORADA 2016-2017<\/p>\n<p style=\"text-align: center;\">27\/09\/2016<\/p>\n<p><a href=\"http:\/\/www.fcctarragona.cat\/images\/descarregas\/DOGC--MODIFICACI-ORDRE-DE-VEDES.pdf\" target=\"_blank\" rel=\"noopener\">DESCARREGA PDF<\/a><\/p>\n<p>ORDRE DE VEDES TEMPORADA 2016-2017<\/p>\n<p style=\"text-align: center;\">19\/09\/2016<\/p>\n<p><a href=\"http:\/\/www.fcctarragona.cat\/images\/descarregas\/ordre-de-vedes-2016.pdf\" target=\"_blank\" rel=\"noopener\">DESCARREGA PDF<\/a><\/p>\n<h5>ANIREM ACTUALITZANT LA LLISTA DE DOCUMENTS SEGONS EN COMUNIQUIN CANVIS EN LA LEGISLACI\u00d3.<\/h5>","protected":false},"excerpt":{"rendered":"<p>LEGISLACI\u00d3 En aquest apartat es mostraran els documents o normatives m\u00e9s recents:\u00a0 PER\u00cdODES H\u00c0BILS DE CA\u00c7A I CAPTURES 2025\/2026 &#8230;&#8230;&#8230;&#8230;&#8230;&#8230;&#8230;&#8230;..ORDRE DE VEDES 2025-2026 PER\u00cdODES H\u00c0BILS DE CA\u00c7A I CAPTURES 2024\/2025 &#8230;&#8230;&#8230;&#8230;&#8230;&#8230;&#8230;&#8230;&#8230;ORDRE DE VEDES 2024\/2025 PER\u00cdODES H\u00c0BILS DE CA\u00c7A I CAPTURES 2023\/2024 &#8230;&#8230;&#8230;&#8230;&#8230;&#8230;&#8230;&#8230;&#8230;RESUM_ORDRE_VEDES 2023-2024\u00a0 \u00a0 \u00a0 \u00a0 \u00a0 \u00a0 \u00a0 \u00a0 \u00a0 \u00a0 \u00a0 \u00a0 \u00a0 &hellip;<\/p>\n<p class=\"read-more\"> <a class=\"\" href=\"https:\/\/fcctarragona.com\/index.php\/legislacio\/\"> <span class=\"screen-reader-text\">LEGISLACI\u00d3<\/span> Leer m\u00e1s &raquo;<\/a><\/p>\n","protected":false},"author":1,"featured_media":0,"parent":0,"menu_order":0,"comment_status":"closed","ping_status":"closed","template":"","meta":{"footnotes":""},"class_list":["post-1712","page","type-page","status-publish","hentry"],"_links":{"self":[{"href":"https:\/\/fcctarragona.com\/index.php\/wp-json\/wp\/v2\/pages\/1712","targetHints":{"allow":["GET"]}}],"collection":[{"href":"https:\/\/fcctarragona.com\/index.php\/wp-json\/wp\/v2\/pages"}],"about":[{"href":"https:\/\/fcctarragona.com\/index.php\/wp-json\/wp\/v2\/types\/page"}],"author":[{"embeddable":true,"href":"https:\/\/fcctarragona.com\/index.php\/wp-json\/wp\/v2\/users\/1"}],"replies":[{"embeddable":true,"href":"https:\/\/fcctarragona.com\/index.php\/wp-json\/wp\/v2\/comments?post=1712"}],"version-history":[{"count":77,"href":"https:\/\/fcctarragona.com\/index.php\/wp-json\/wp\/v2\/pages\/1712\/revisions"}],"predecessor-version":[{"id":3508,"href":"https:\/\/fcctarragona.com\/index.php\/wp-json\/wp\/v2\/pages\/1712\/revisions\/3508"}],"wp:attachment":[{"href":"https:\/\/fcctarragona.com\/index.php\/wp-json\/wp\/v2\/media?parent=1712"}],"curies":[{"name":"wp","href":"https:\/\/api.w.org\/{rel}","templated":true}]}}